{"id":51,"date":"2016-09-12T07:42:56","date_gmt":"2016-09-12T07:42:56","guid":{"rendered":"http:\/\/themes.muffingroup.com\/be\/logistics\/?page_id=2"},"modified":"2026-02-19T12:38:26","modified_gmt":"2026-02-19T12:38:26","slug":"home","status":"publish","type":"page","link":"https:\/\/sisdeagro.com\/en\/","title":{"rendered":"Home"},"content":{"rendered":"","protected":false},"excerpt":{"rendered":"<p>Proyectos de inversi\u00f3n en agricultura en Colombia, lim\u00f3n Tahit\u00ed, ar\u00e1ndanos, achiote, cacao, macadamia e hidropon\u00eda<\/p>","protected":false},"author":1,"featured_media":1793,"parent":0,"menu_order":0,"comment_status":"closed","ping_status":"closed","template":"","meta":{"footnotes":""},"class_list":["post-51","page","type-page","status-publish","has-post-thumbnail","hentry"],"_links":{"self":[{"href":"https:\/\/sisdeagro.com\/en\/wp-json\/wp\/v2\/pages\/51","targetHints":{"allow":["GET"]}}],"collection":[{"href":"https:\/\/sisdeagro.com\/en\/wp-json\/wp\/v2\/pages"}],"about":[{"href":"https:\/\/sisdeagro.com\/en\/wp-json\/wp\/v2\/types\/page"}],"author":[{"embeddable":true,"href":"https:\/\/sisdeagro.com\/en\/wp-json\/wp\/v2\/users\/1"}],"replies":[{"embeddable":true,"href":"https:\/\/sisdeagro.com\/en\/wp-json\/wp\/v2\/comments?post=51"}],"version-history":[{"count":1,"href":"https:\/\/sisdeagro.com\/en\/wp-json\/wp\/v2\/pages\/51\/revisions"}],"predecessor-version":[{"id":3721,"href":"https:\/\/sisdeagro.com\/en\/wp-json\/wp\/v2\/pages\/51\/revisions\/3721"}],"wp:featuredmedia":[{"embeddable":true,"href":"https:\/\/sisdeagro.com\/en\/wp-json\/wp\/v2\/media\/1793"}],"wp:attachment":[{"href":"https:\/\/sisdeagro.com\/en\/wp-json\/wp\/v2\/media?parent=51"}],"curies":[{"name":"wp","href":"https:\/\/api.w.org\/{rel}","templated":true}]}}