{"id":307,"date":"2020-12-20T21:11:45","date_gmt":"2020-12-20T21:11:45","guid":{"rendered":"http:\/\/sisdeagro.com\/?page_id=307"},"modified":"2025-03-30T14:55:08","modified_gmt":"2025-03-30T14:55:08","slug":"estructuracion-de-proyectos-cultivos-frutales-forestales-industriales","status":"publish","type":"page","link":"https:\/\/sisdeagro.com\/en\/estructuracion-de-proyectos-cultivos-frutales-forestales-industriales\/","title":{"rendered":"Estructuraci\u00f3n de Proyectos de cultivos de frutales, frutales e industriales en Colombia"},"content":{"rendered":"<div data-elementor-type=\"wp-page\" data-elementor-id=\"307\" class=\"elementor elementor-307\">\n\t\t\t\t\t\t<section class=\"elementor-section elementor-top-section elementor-element elementor-element-1c588f2c elementor-section-boxed elementor-section-height-default elementor-section-height-default\" data-id=\"1c588f2c\" data-element_type=\"section\" data-e-type=\"section\">\n\t\t\t\t\t\t<div class=\"elementor-container elementor-column-gap-default\">\n\t\t\t\t\t<div class=\"elementor-column elementor-col-100 elementor-top-column elementor-element elementor-element-2e467d1d\" data-id=\"2e467d1d\" data-element_type=\"column\" data-e-type=\"column\">\n\t\t\t<div class=\"elementor-widget-wrap elementor-element-populated\">\n\t\t\t\t\t\t<div class=\"elementor-element elementor-element-3fffaed3 elementor-widget elementor-widget-text-editor\" data-id=\"3fffaed3\" data-element_type=\"widget\" data-e-type=\"widget\" data-widget_type=\"text-editor.default\">\n\t\t\t\t<div class=\"elementor-widget-container\">\n\t\t\t\t\t\t\t\t\t\n<p>En Sisdeagro SAS estructuramos proyectos de cultivos frutales, industriales y forestales bajo el esquema de implementaci\u00f3n y asistencia t\u00e9cnica de cada proyecto individual por medio de nuestros profesionales altamente calificados, todos profesionales en las ciencias agr\u00edcolas que cuentan con la experiencia necesaria para implementar cualquier proyecto en agricultura extensiva en frutales, forestales e industriales\u00ed de cualquier tama\u00f1o en Colombia, tanto certificado org\u00e1nico como convencional seg\u00fan aplique.<\/p>\n\n\n\n<p><\/p>\n\t\t\t\t\t\t\t\t<\/div>\n\t\t\t\t<\/div>\n\t\t\t\t\t<\/div>\n\t\t<\/div>\n\t\t\t\t\t<\/div>\n\t\t<\/section>\n\t\t\t\t<section class=\"elementor-section elementor-top-section elementor-element elementor-element-4de8dd5 elementor-section-boxed elementor-section-height-default elementor-section-height-default\" data-id=\"4de8dd5\" data-element_type=\"section\" data-e-type=\"section\">\n\t\t\t\t\t\t<div class=\"elementor-container elementor-column-gap-default\">\n\t\t\t\t\t<div class=\"elementor-column elementor-col-100 elementor-top-column elementor-element elementor-element-7d213b1\" data-id=\"7d213b1\" data-element_type=\"column\" data-e-type=\"column\">\n\t\t\t<div class=\"elementor-widget-wrap elementor-element-populated\">\n\t\t\t\t\t\t<div class=\"elementor-element elementor-element-4c88032 elementor-widget elementor-widget-text-editor\" data-id=\"4c88032\" data-element_type=\"widget\" data-e-type=\"widget\" data-widget_type=\"text-editor.default\">\n\t\t\t\t<div class=\"elementor-widget-container\">\n\t\t\t\t\t\t\t\t\t<h2 style=\"text-align: center;\">&#8220;Estructurar un proyecto en agricultura&#8221; vs. &#8220;Ir, sembrar y esperar&#8221;<\/h2>\t\t\t\t\t\t\t\t<\/div>\n\t\t\t\t<\/div>\n\t\t\t\t\t<\/div>\n\t\t<\/div>\n\t\t\t\t\t<\/div>\n\t\t<\/section>\n\t\t\t\t<section class=\"elementor-section elementor-top-section elementor-element elementor-element-c00a5c6 elementor-section-boxed elementor-section-height-default elementor-section-height-default\" data-id=\"c00a5c6\" data-element_type=\"section\" data-e-type=\"section\">\n\t\t\t\t\t\t<div class=\"elementor-container elementor-column-gap-default\">\n\t\t\t\t\t<div class=\"elementor-column elementor-col-100 elementor-top-column elementor-element elementor-element-50c7094\" data-id=\"50c7094\" data-element_type=\"column\" data-e-type=\"column\">\n\t\t\t<div class=\"elementor-widget-wrap elementor-element-populated\">\n\t\t\t\t\t\t<div class=\"elementor-element elementor-element-2509a06 elementor-widget elementor-widget-text-editor\" data-id=\"2509a06\" data-element_type=\"widget\" data-e-type=\"widget\" data-widget_type=\"text-editor.default\">\n\t\t\t\t<div class=\"elementor-widget-container\">\n\t\t\t\t\t\t\t\t\t<p>La diferencia fundamental est\u00e1 en el enfoque. No hay nada m\u00e1s simple que ir a plantar unos cuantos \u00e1rboles ya sean media docena o varios millares. Si no existe claridad en los objetivos claros o condiciones subyacentes, prop\u00f3sito del mismo, mecanismos y formas de aprovechamiento y por ende an\u00e1lisis de las condiciones para su comercializaci\u00f3n entonces estamos ante un proyecto de jadiner\u00eda o una <span style=\"text-decoration: underline;\">des-econom\u00eda<\/span>.\u00a0<\/p>\t\t\t\t\t\t\t\t<\/div>\n\t\t\t\t<\/div>\n\t\t\t\t\t<\/div>\n\t\t<\/div>\n\t\t\t\t\t<\/div>\n\t\t<\/section>\n\t\t\t\t<section class=\"elementor-section elementor-top-section elementor-element elementor-element-a2aeddb elementor-section-boxed elementor-section-height-default elementor-section-height-default\" data-id=\"a2aeddb\" data-element_type=\"section\" data-e-type=\"section\">\n\t\t\t\t\t\t<div class=\"elementor-container elementor-column-gap-default\">\n\t\t\t\t\t<div class=\"elementor-column elementor-col-100 elementor-top-column elementor-element elementor-element-a34bc48\" data-id=\"a34bc48\" data-element_type=\"column\" data-e-type=\"column\">\n\t\t\t<div class=\"elementor-widget-wrap elementor-element-populated\">\n\t\t\t\t\t\t<div class=\"elementor-element elementor-element-baba355 elementor-widget elementor-widget-text-editor\" data-id=\"baba355\" data-element_type=\"widget\" data-e-type=\"widget\" data-widget_type=\"text-editor.default\">\n\t\t\t\t<div class=\"elementor-widget-container\">\n\t\t\t\t\t\t\t\t\t<h3>Estructurar un proyecto en agricultura<\/h3>\n<p>Implica b\u00e1sicamente efectuar evaluaciones concienzudas, tener en cuenta criterios netamente t\u00e9cnicos acerca de las condiciones que se requieren para establecer un cultivo y las condiciones que se tienen a mano o se deben no solo buscar sino encontrar. En todo caso hay una cantidad importante de experiencia de por medio y no deberia llevarse a cabo de manera superficial en cuanto debe incluirse todos los aspectos del cultivo hasta su etapa de comercializaci\u00f3n.\u00a0<\/p>\n<p>Si no se estructura adecuadamente un proyecto agricola, un proyecto especialmente de cultivos de tard\u00edo rendimiento como cultivos frutales, forestales o industriales est\u00e1 al azar donde casi ciertamente va a <span style=\"text-decoration: underline;\">fracasar<\/span>.\u00a0<\/p>\t\t\t\t\t\t\t\t<\/div>\n\t\t\t\t<\/div>\n\t\t\t\t\t<\/div>\n\t\t<\/div>\n\t\t\t\t\t<\/div>\n\t\t<\/section>\n\t\t\t\t<section class=\"elementor-section elementor-top-section elementor-element elementor-element-5e4c1bf elementor-section-boxed elementor-section-height-default elementor-section-height-default\" data-id=\"5e4c1bf\" data-element_type=\"section\" data-e-type=\"section\">\n\t\t\t\t\t\t<div class=\"elementor-container elementor-column-gap-default\">\n\t\t\t\t\t<div class=\"elementor-column elementor-col-100 elementor-top-column elementor-element elementor-element-6558695\" data-id=\"6558695\" data-element_type=\"column\" data-e-type=\"column\">\n\t\t\t<div class=\"elementor-widget-wrap elementor-element-populated\">\n\t\t\t\t\t\t<div class=\"elementor-element elementor-element-917c455 elementor-widget elementor-widget-text-editor\" data-id=\"917c455\" data-element_type=\"widget\" data-e-type=\"widget\" data-widget_type=\"text-editor.default\">\n\t\t\t\t<div class=\"elementor-widget-container\">\n\t\t\t\t\t\t\t\t\t<h3 style=\"text-align: center;\">\u00bfQue deber\u00eda hacerse para estructurar implementar un proyecto de inversion en agricultura exitoso?<\/h3>\t\t\t\t\t\t\t\t<\/div>\n\t\t\t\t<\/div>\n\t\t\t\t\t<\/div>\n\t\t<\/div>\n\t\t\t\t\t<\/div>\n\t\t<\/section>\n\t\t\t\t<section class=\"elementor-section elementor-top-section elementor-element elementor-element-223f529 elementor-section-boxed elementor-section-height-default elementor-section-height-default\" data-id=\"223f529\" data-element_type=\"section\" data-e-type=\"section\">\n\t\t\t\t\t\t<div class=\"elementor-container elementor-column-gap-default\">\n\t\t\t\t\t<div class=\"elementor-column elementor-col-16 elementor-top-column elementor-element elementor-element-25e2795\" data-id=\"25e2795\" data-element_type=\"column\" data-e-type=\"column\">\n\t\t\t<div class=\"elementor-widget-wrap elementor-element-populated\">\n\t\t\t\t\t\t<div class=\"elementor-element elementor-element-9a73ae1 elementor-widget elementor-widget-image\" data-id=\"9a73ae1\" data-element_type=\"widget\" data-e-type=\"widget\" data-widget_type=\"image.default\">\n\t\t\t\t<div class=\"elementor-widget-container\">\n\t\t\t\t\t\t\t\t\t\t\t\t\t\t\t<img fetchpriority=\"high\" decoding=\"async\" width=\"348\" height=\"321\" src=\"https:\/\/sisdeagro.com\/wp-content\/uploads\/2024\/03\/EVALUATION.png\" class=\"attachment-large size-large wp-image-1617\" alt=\"Evaluaci\u00f3n Preliminar\" srcset=\"https:\/\/sisdeagro.com\/wp-content\/uploads\/2024\/03\/EVALUATION.png 348w, https:\/\/sisdeagro.com\/wp-content\/uploads\/2024\/03\/EVALUATION-300x277.png 300w, https:\/\/sisdeagro.com\/wp-content\/uploads\/2024\/03\/EVALUATION-13x12.png 13w, https:\/\/sisdeagro.com\/wp-content\/uploads\/2024\/03\/EVALUATION-158x146.png 158w, https:\/\/sisdeagro.com\/wp-content\/uploads\/2024\/03\/EVALUATION-50x46.png 50w, https:\/\/sisdeagro.com\/wp-content\/uploads\/2024\/03\/EVALUATION-81x75.png 81w\" sizes=\"(max-width:767px) 348px, 348px\" \/>\t\t\t\t\t\t\t\t\t\t\t\t\t\t\t<\/div>\n\t\t\t\t<\/div>\n\t\t\t\t<div class=\"elementor-element elementor-element-1c732bf elementor-widget elementor-widget-text-editor\" data-id=\"1c732bf\" data-element_type=\"widget\" data-e-type=\"widget\" data-widget_type=\"text-editor.default\">\n\t\t\t\t<div class=\"elementor-widget-container\">\n\t\t\t\t\t\t\t\t\t<p style=\"text-align: center;\"><a href=\"\/en\/evaluacion-de-condiciones-para-establecer-proyectos-de-inversion-en-agricultura\/\">Evaluar el sitio a conciencia <\/a><\/p>\t\t\t\t\t\t\t\t<\/div>\n\t\t\t\t<\/div>\n\t\t\t\t\t<\/div>\n\t\t<\/div>\n\t\t\t\t<div class=\"elementor-column elementor-col-16 elementor-top-column elementor-element elementor-element-0d8af2e\" data-id=\"0d8af2e\" data-element_type=\"column\" data-e-type=\"column\">\n\t\t\t<div class=\"elementor-widget-wrap elementor-element-populated\">\n\t\t\t\t\t\t<div class=\"elementor-element elementor-element-a7289d3 elementor-widget elementor-widget-image\" data-id=\"a7289d3\" data-element_type=\"widget\" data-e-type=\"widget\" data-widget_type=\"image.default\">\n\t\t\t\t<div class=\"elementor-widget-container\">\n\t\t\t\t\t\t\t\t\t\t\t\t\t\t\t<img decoding=\"async\" width=\"348\" height=\"321\" src=\"https:\/\/sisdeagro.com\/wp-content\/uploads\/2024\/03\/NURSERY-MATERIAL.png\" class=\"attachment-large size-large wp-image-1619\" alt=\"Material vegetal\" srcset=\"https:\/\/sisdeagro.com\/wp-content\/uploads\/2024\/03\/NURSERY-MATERIAL.png 348w, https:\/\/sisdeagro.com\/wp-content\/uploads\/2024\/03\/NURSERY-MATERIAL-300x277.png 300w, https:\/\/sisdeagro.com\/wp-content\/uploads\/2024\/03\/NURSERY-MATERIAL-13x12.png 13w, https:\/\/sisdeagro.com\/wp-content\/uploads\/2024\/03\/NURSERY-MATERIAL-158x146.png 158w, https:\/\/sisdeagro.com\/wp-content\/uploads\/2024\/03\/NURSERY-MATERIAL-50x46.png 50w, https:\/\/sisdeagro.com\/wp-content\/uploads\/2024\/03\/NURSERY-MATERIAL-81x75.png 81w\" sizes=\"(max-width:767px) 348px, 348px\" \/>\t\t\t\t\t\t\t\t\t\t\t\t\t\t\t<\/div>\n\t\t\t\t<\/div>\n\t\t\t\t<div class=\"elementor-element elementor-element-0922df0 elementor-widget elementor-widget-text-editor\" data-id=\"0922df0\" data-element_type=\"widget\" data-e-type=\"widget\" data-widget_type=\"text-editor.default\">\n\t\t\t\t<div class=\"elementor-widget-container\">\n\t\t\t\t\t\t\t\t\t<p style=\"text-align: center;\"><a href=\"\/en\/material-vegetal-factor-clave-del-exito-para-su-proyecto-en-agricultura\/\">Usar un buen material vegetal<\/a><\/p>\t\t\t\t\t\t\t\t<\/div>\n\t\t\t\t<\/div>\n\t\t\t\t\t<\/div>\n\t\t<\/div>\n\t\t\t\t<div class=\"elementor-column elementor-col-16 elementor-top-column elementor-element elementor-element-1030bd5\" data-id=\"1030bd5\" data-element_type=\"column\" data-e-type=\"column\">\n\t\t\t<div class=\"elementor-widget-wrap elementor-element-populated\">\n\t\t\t\t\t\t<div class=\"elementor-element elementor-element-1008f08 elementor-widget elementor-widget-image\" data-id=\"1008f08\" data-element_type=\"widget\" data-e-type=\"widget\" data-widget_type=\"image.default\">\n\t\t\t\t<div class=\"elementor-widget-container\">\n\t\t\t\t\t\t\t\t\t\t\t\t\t\t\t<img decoding=\"async\" width=\"348\" height=\"321\" src=\"https:\/\/sisdeagro.com\/wp-content\/uploads\/2024\/03\/PLANTING.png\" class=\"attachment-large size-large wp-image-1620\" alt=\"Establecimiento de plantaci\u00f3n\" srcset=\"https:\/\/sisdeagro.com\/wp-content\/uploads\/2024\/03\/PLANTING.png 348w, https:\/\/sisdeagro.com\/wp-content\/uploads\/2024\/03\/PLANTING-300x277.png 300w, https:\/\/sisdeagro.com\/wp-content\/uploads\/2024\/03\/PLANTING-13x12.png 13w, https:\/\/sisdeagro.com\/wp-content\/uploads\/2024\/03\/PLANTING-158x146.png 158w, https:\/\/sisdeagro.com\/wp-content\/uploads\/2024\/03\/PLANTING-50x46.png 50w, https:\/\/sisdeagro.com\/wp-content\/uploads\/2024\/03\/PLANTING-81x75.png 81w\" sizes=\"(max-width:767px) 348px, 348px\" \/>\t\t\t\t\t\t\t\t\t\t\t\t\t\t\t<\/div>\n\t\t\t\t<\/div>\n\t\t\t\t<div class=\"elementor-element elementor-element-bf05430 elementor-widget elementor-widget-text-editor\" data-id=\"bf05430\" data-element_type=\"widget\" data-e-type=\"widget\" data-widget_type=\"text-editor.default\">\n\t\t\t\t<div class=\"elementor-widget-container\">\n\t\t\t\t\t\t\t\t\t<p style=\"text-align: center;\"><a href=\"\/en\/establecimiento-de-plantaciones\/\">Sembrar adecuadamente<\/a><\/p>\t\t\t\t\t\t\t\t<\/div>\n\t\t\t\t<\/div>\n\t\t\t\t\t<\/div>\n\t\t<\/div>\n\t\t\t\t<div class=\"elementor-column elementor-col-16 elementor-top-column elementor-element elementor-element-2a9ec44\" data-id=\"2a9ec44\" data-element_type=\"column\" data-e-type=\"column\">\n\t\t\t<div class=\"elementor-widget-wrap elementor-element-populated\">\n\t\t\t\t\t\t<div class=\"elementor-element elementor-element-692356d elementor-widget elementor-widget-image\" data-id=\"692356d\" data-element_type=\"widget\" data-e-type=\"widget\" data-widget_type=\"image.default\">\n\t\t\t\t<div class=\"elementor-widget-container\">\n\t\t\t\t\t\t\t\t\t\t\t\t\t\t\t<img loading=\"lazy\" decoding=\"async\" width=\"348\" height=\"321\" src=\"https:\/\/sisdeagro.com\/wp-content\/uploads\/2024\/03\/CERTIFICATIONS.png\" class=\"attachment-large size-large wp-image-1621\" alt=\"Certificaciones\" srcset=\"https:\/\/sisdeagro.com\/wp-content\/uploads\/2024\/03\/CERTIFICATIONS.png 348w, https:\/\/sisdeagro.com\/wp-content\/uploads\/2024\/03\/CERTIFICATIONS-300x277.png 300w, https:\/\/sisdeagro.com\/wp-content\/uploads\/2024\/03\/CERTIFICATIONS-13x12.png 13w, https:\/\/sisdeagro.com\/wp-content\/uploads\/2024\/03\/CERTIFICATIONS-158x146.png 158w, https:\/\/sisdeagro.com\/wp-content\/uploads\/2024\/03\/CERTIFICATIONS-50x46.png 50w, https:\/\/sisdeagro.com\/wp-content\/uploads\/2024\/03\/CERTIFICATIONS-81x75.png 81w\" sizes=\"(max-width:767px) 348px, 348px\" \/>\t\t\t\t\t\t\t\t\t\t\t\t\t\t\t<\/div>\n\t\t\t\t<\/div>\n\t\t\t\t<div class=\"elementor-element elementor-element-ecf02cc elementor-widget elementor-widget-text-editor\" data-id=\"ecf02cc\" data-element_type=\"widget\" data-e-type=\"widget\" data-widget_type=\"text-editor.default\">\n\t\t\t\t<div class=\"elementor-widget-container\">\n\t\t\t\t\t\t\t\t\t<p style=\"text-align: center;\">Certificar seg\u00fan mercado meta<\/p>\t\t\t\t\t\t\t\t<\/div>\n\t\t\t\t<\/div>\n\t\t\t\t\t<\/div>\n\t\t<\/div>\n\t\t\t\t<div class=\"elementor-column elementor-col-16 elementor-top-column elementor-element elementor-element-9a51374\" data-id=\"9a51374\" data-element_type=\"column\" data-e-type=\"column\">\n\t\t\t<div class=\"elementor-widget-wrap elementor-element-populated\">\n\t\t\t\t\t\t<div class=\"elementor-element elementor-element-8c3560e elementor-widget elementor-widget-image\" data-id=\"8c3560e\" data-element_type=\"widget\" data-e-type=\"widget\" data-widget_type=\"image.default\">\n\t\t\t\t<div class=\"elementor-widget-container\">\n\t\t\t\t\t\t\t\t\t\t\t\t\t\t\t<img loading=\"lazy\" decoding=\"async\" width=\"348\" height=\"321\" src=\"https:\/\/sisdeagro.com\/wp-content\/uploads\/2024\/03\/INTEGRAL-TECH-ASSIST.png\" class=\"attachment-large size-large wp-image-1622\" alt=\"\" srcset=\"https:\/\/sisdeagro.com\/wp-content\/uploads\/2024\/03\/INTEGRAL-TECH-ASSIST.png 348w, https:\/\/sisdeagro.com\/wp-content\/uploads\/2024\/03\/INTEGRAL-TECH-ASSIST-300x277.png 300w, https:\/\/sisdeagro.com\/wp-content\/uploads\/2024\/03\/INTEGRAL-TECH-ASSIST-13x12.png 13w, https:\/\/sisdeagro.com\/wp-content\/uploads\/2024\/03\/INTEGRAL-TECH-ASSIST-158x146.png 158w, https:\/\/sisdeagro.com\/wp-content\/uploads\/2024\/03\/INTEGRAL-TECH-ASSIST-50x46.png 50w, https:\/\/sisdeagro.com\/wp-content\/uploads\/2024\/03\/INTEGRAL-TECH-ASSIST-81x75.png 81w\" sizes=\"(max-width:767px) 348px, 348px\" \/>\t\t\t\t\t\t\t\t\t\t\t\t\t\t\t<\/div>\n\t\t\t\t<\/div>\n\t\t\t\t<div class=\"elementor-element elementor-element-da8aa7f elementor-widget elementor-widget-text-editor\" data-id=\"da8aa7f\" data-element_type=\"widget\" data-e-type=\"widget\" data-widget_type=\"text-editor.default\">\n\t\t\t\t<div class=\"elementor-widget-container\">\n\t\t\t\t\t\t\t\t\t<p style=\"text-align: center;\">Asistencia t\u00e9cnica integral<\/p>\t\t\t\t\t\t\t\t<\/div>\n\t\t\t\t<\/div>\n\t\t\t\t\t<\/div>\n\t\t<\/div>\n\t\t\t\t<div class=\"elementor-column elementor-col-16 elementor-top-column elementor-element elementor-element-5a0e9a9\" data-id=\"5a0e9a9\" data-element_type=\"column\" data-e-type=\"column\">\n\t\t\t<div class=\"elementor-widget-wrap elementor-element-populated\">\n\t\t\t\t\t\t<div class=\"elementor-element elementor-element-dce6222 elementor-widget elementor-widget-image\" data-id=\"dce6222\" data-element_type=\"widget\" data-e-type=\"widget\" data-widget_type=\"image.default\">\n\t\t\t\t<div class=\"elementor-widget-container\">\n\t\t\t\t\t\t\t\t\t\t\t\t\t\t\t<img loading=\"lazy\" decoding=\"async\" width=\"348\" height=\"321\" src=\"https:\/\/sisdeagro.com\/wp-content\/uploads\/2024\/03\/COMMERCE.png\" class=\"attachment-large size-large wp-image-1623\" alt=\"Comercializaci\u00f3n\" srcset=\"https:\/\/sisdeagro.com\/wp-content\/uploads\/2024\/03\/COMMERCE.png 348w, https:\/\/sisdeagro.com\/wp-content\/uploads\/2024\/03\/COMMERCE-300x277.png 300w, https:\/\/sisdeagro.com\/wp-content\/uploads\/2024\/03\/COMMERCE-13x12.png 13w, https:\/\/sisdeagro.com\/wp-content\/uploads\/2024\/03\/COMMERCE-158x146.png 158w, https:\/\/sisdeagro.com\/wp-content\/uploads\/2024\/03\/COMMERCE-50x46.png 50w, https:\/\/sisdeagro.com\/wp-content\/uploads\/2024\/03\/COMMERCE-81x75.png 81w\" sizes=\"(max-width:767px) 348px, 348px\" \/>\t\t\t\t\t\t\t\t\t\t\t\t\t\t\t<\/div>\n\t\t\t\t<\/div>\n\t\t\t\t<div class=\"elementor-element elementor-element-5ec5e1f elementor-widget elementor-widget-text-editor\" data-id=\"5ec5e1f\" data-element_type=\"widget\" data-e-type=\"widget\" data-widget_type=\"text-editor.default\">\n\t\t\t\t<div class=\"elementor-widget-container\">\n\t\t\t\t\t\t\t\t\t<p style=\"text-align: center;\">Comercializaci\u00f3n<\/p>\t\t\t\t\t\t\t\t<\/div>\n\t\t\t\t<\/div>\n\t\t\t\t\t<\/div>\n\t\t<\/div>\n\t\t\t\t\t<\/div>\n\t\t<\/section>\n\t\t\t\t<\/div>","protected":false},"excerpt":{"rendered":"<p>En Sisdeagro SAS estructuramos proyectos de cultivos frutales, industriales y forestales bajo el esquema de implementaci\u00f3n y asistencia t\u00e9cnica de cada proyecto individual por medio de<span class=\"excerpt-hellip\"> [\u2026]<\/span><\/p>\n","protected":false},"author":1,"featured_media":0,"parent":0,"menu_order":0,"comment_status":"closed","ping_status":"closed","template":"","meta":{"footnotes":""},"class_list":["post-307","page","type-page","status-publish","hentry"],"_links":{"self":[{"href":"https:\/\/sisdeagro.com\/en\/wp-json\/wp\/v2\/pages\/307","targetHints":{"allow":["GET"]}}],"collection":[{"href":"https:\/\/sisdeagro.com\/en\/wp-json\/wp\/v2\/pages"}],"about":[{"href":"https:\/\/sisdeagro.com\/en\/wp-json\/wp\/v2\/types\/page"}],"author":[{"embeddable":true,"href":"https:\/\/sisdeagro.com\/en\/wp-json\/wp\/v2\/users\/1"}],"replies":[{"embeddable":true,"href":"https:\/\/sisdeagro.com\/en\/wp-json\/wp\/v2\/comments?post=307"}],"version-history":[{"count":0,"href":"https:\/\/sisdeagro.com\/en\/wp-json\/wp\/v2\/pages\/307\/revisions"}],"wp:attachment":[{"href":"https:\/\/sisdeagro.com\/en\/wp-json\/wp\/v2\/media?parent=307"}],"curies":[{"name":"wp","href":"https:\/\/api.w.org\/{rel}","templated":true}]}}