{"id":1889,"date":"2024-04-08T01:00:58","date_gmt":"2024-04-08T01:00:58","guid":{"rendered":"https:\/\/sisdeagro.com\/?page_id=1889"},"modified":"2024-04-08T21:10:23","modified_gmt":"2024-04-08T21:10:23","slug":"establecimiento-de-plantaciones","status":"publish","type":"page","link":"https:\/\/sisdeagro.com\/en\/establecimiento-de-plantaciones\/","title":{"rendered":"Establecimiento de plantaciones"},"content":{"rendered":"<div data-elementor-type=\"wp-page\" data-elementor-id=\"1889\" class=\"elementor elementor-1889\">\n\t\t\t\t\t\t<section class=\"elementor-section elementor-top-section elementor-element elementor-element-194078a elementor-section-boxed elementor-section-height-default elementor-section-height-default\" data-id=\"194078a\" data-element_type=\"section\" data-e-type=\"section\">\n\t\t\t\t\t\t<div class=\"elementor-container elementor-column-gap-default\">\n\t\t\t\t\t<div class=\"elementor-column elementor-col-100 elementor-top-column elementor-element elementor-element-ad35b5d\" data-id=\"ad35b5d\" data-element_type=\"column\" data-e-type=\"column\">\n\t\t\t<div class=\"elementor-widget-wrap elementor-element-populated\">\n\t\t\t\t\t\t<div class=\"elementor-element elementor-element-b3a091c elementor-widget elementor-widget-image\" data-id=\"b3a091c\" data-element_type=\"widget\" data-e-type=\"widget\" data-widget_type=\"image.default\">\n\t\t\t\t<div class=\"elementor-widget-container\">\n\t\t\t\t\t\t\t\t\t\t\t\t\t\t\t<img fetchpriority=\"high\" decoding=\"async\" width=\"1024\" height=\"362\" src=\"https:\/\/sisdeagro.com\/wp-content\/uploads\/2024\/04\/ESTABLECIMIENTO.jpg\" class=\"attachment-large size-large wp-image-1891\" alt=\"Establecimiento de Plantaciones | Sisdeagro SAS Implementaci\u00f3n de proyectos de inversi\u00f3n en Agricultura en Colombia\" srcset=\"https:\/\/sisdeagro.com\/wp-content\/uploads\/2024\/04\/ESTABLECIMIENTO.jpg 1024w, https:\/\/sisdeagro.com\/wp-content\/uploads\/2024\/04\/ESTABLECIMIENTO-300x106.jpg 300w, https:\/\/sisdeagro.com\/wp-content\/uploads\/2024\/04\/ESTABLECIMIENTO-768x272.jpg 768w, https:\/\/sisdeagro.com\/wp-content\/uploads\/2024\/04\/ESTABLECIMIENTO-18x6.jpg 18w, https:\/\/sisdeagro.com\/wp-content\/uploads\/2024\/04\/ESTABLECIMIENTO-260x92.jpg 260w, https:\/\/sisdeagro.com\/wp-content\/uploads\/2024\/04\/ESTABLECIMIENTO-50x18.jpg 50w, https:\/\/sisdeagro.com\/wp-content\/uploads\/2024\/04\/ESTABLECIMIENTO-150x53.jpg 150w\" sizes=\"(max-width:767px) 480px, (max-width:1024px) 100vw, 1024px\" \/>\t\t\t\t\t\t\t\t\t\t\t\t\t\t\t<\/div>\n\t\t\t\t<\/div>\n\t\t\t\t<div class=\"elementor-element elementor-element-a3eaf6c elementor-widget elementor-widget-text-editor\" data-id=\"a3eaf6c\" data-element_type=\"widget\" data-e-type=\"widget\" data-widget_type=\"text-editor.default\">\n\t\t\t\t<div class=\"elementor-widget-container\">\n\t\t\t\t\t\t\t\t\t<h2 style=\"text-align: center;\">\u00bfQu\u00e9 tan importante es el establecimiento para un proyecto de Inversi\u00f3n en Agricultura?<\/h2><p>Muy poco puede hacerse para obtener rentabilidad de una plantaci\u00f3n comercial si la siembra de la plantaci\u00f3n se hace por manos inexpertas. Todas las fases son importantes para que se asegure la rentabilidad del proyecto, sin embargo tanto la selecci\u00f3n del material vegetal como la siembra son <strong>cr\u00edticas<\/strong>.<\/p>\t\t\t\t\t\t\t\t<\/div>\n\t\t\t\t<\/div>\n\t\t\t\t<div class=\"elementor-element elementor-element-3d0f1aa elementor-widget-divider--view-line elementor-widget elementor-widget-divider\" data-id=\"3d0f1aa\" data-element_type=\"widget\" data-e-type=\"widget\" data-widget_type=\"divider.default\">\n\t\t\t\t<div class=\"elementor-widget-container\">\n\t\t\t\t\t\t\t<div class=\"elementor-divider\">\n\t\t\t<span class=\"elementor-divider-separator\">\n\t\t\t\t\t\t<\/span>\n\t\t<\/div>\n\t\t\t\t\t\t<\/div>\n\t\t\t\t<\/div>\n\t\t\t\t\t<\/div>\n\t\t<\/div>\n\t\t\t\t\t<\/div>\n\t\t<\/section>\n\t\t\t\t<section class=\"elementor-section elementor-top-section elementor-element elementor-element-843529f elementor-section-boxed elementor-section-height-default elementor-section-height-default\" data-id=\"843529f\" data-element_type=\"section\" data-e-type=\"section\">\n\t\t\t\t\t\t<div class=\"elementor-container elementor-column-gap-default\">\n\t\t\t\t\t<div class=\"elementor-column elementor-col-100 elementor-top-column elementor-element elementor-element-d73bb0d\" data-id=\"d73bb0d\" data-element_type=\"column\" data-e-type=\"column\">\n\t\t\t<div class=\"elementor-widget-wrap elementor-element-populated\">\n\t\t\t\t\t\t<div class=\"elementor-element elementor-element-44da730 elementor-widget elementor-widget-text-editor\" data-id=\"44da730\" data-element_type=\"widget\" data-e-type=\"widget\" data-widget_type=\"text-editor.default\">\n\t\t\t\t<div class=\"elementor-widget-container\">\n\t\t\t\t\t\t\t\t\t<h2 style=\"text-align: center;\">\u00bf\u201dSiembra\u201d o \u201cEstablecimiento\u201d de la plantaci\u00f3n? \u00bfCu\u00e1l es la diferencia?<\/h2><p>El establecimiento de una plantaci\u00f3n comercial, tal como todas las plantas en general\u00a0 debe considerar las particularidades de la especie en cuanto a su fisiolog\u00eda, ya que todas las especies tienen particularidades importantes que deben ser tomadas en cuenta para efectuar una siembra eficiente y evitar sucesos de resiembras. Es as\u00ed igualmente importante que debe existir una distici\u00f3n entre \u201csembrar la plantaci\u00f3n\u201d y \u201cestablecer la plantaci\u00f3n\u201d porque ambos t\u00e9rminos son distintos.<\/p><p>Regularmente se habla de sembrar que tal como lo lo dice el t\u00e9rmino mismo, plantar los \u00e1rboles o plantas directamente en el suelo pero no es sin\u00f3nimo realmente de establecer la plantaci\u00f3n.<\/p>\t\t\t\t\t\t\t\t<\/div>\n\t\t\t\t<\/div>\n\t\t\t\t\t<\/div>\n\t\t<\/div>\n\t\t\t\t\t<\/div>\n\t\t<\/section>\n\t\t\t\t<section class=\"elementor-section elementor-top-section elementor-element elementor-element-9437109 elementor-section-boxed elementor-section-height-default elementor-section-height-default\" data-id=\"9437109\" data-element_type=\"section\" data-e-type=\"section\">\n\t\t\t\t\t\t<div class=\"elementor-container elementor-column-gap-default\">\n\t\t\t\t\t<div class=\"elementor-column elementor-col-50 elementor-top-column elementor-element elementor-element-e100322\" data-id=\"e100322\" data-element_type=\"column\" data-e-type=\"column\">\n\t\t\t<div class=\"elementor-widget-wrap elementor-element-populated\">\n\t\t\t\t\t\t<div class=\"elementor-element elementor-element-caa0a05 elementor-widget elementor-widget-image\" data-id=\"caa0a05\" data-element_type=\"widget\" data-e-type=\"widget\" data-widget_type=\"image.default\">\n\t\t\t\t<div class=\"elementor-widget-container\">\n\t\t\t\t\t\t\t\t\t\t\t\t\t\t\t<img decoding=\"async\" width=\"612\" height=\"342\" src=\"https:\/\/sisdeagro.com\/wp-content\/uploads\/2024\/04\/ESTABLECIMIENTO-3.jpg\" class=\"attachment-large size-large wp-image-1905\" alt=\"Elementos para el establecimiento de Plantaciones | Sisdeagro SAS Implementaci\u00f3n de proyectos de inversi\u00f3n en Agricultura en Colombia\" srcset=\"https:\/\/sisdeagro.com\/wp-content\/uploads\/2024\/04\/ESTABLECIMIENTO-3.jpg 612w, https:\/\/sisdeagro.com\/wp-content\/uploads\/2024\/04\/ESTABLECIMIENTO-3-300x168.jpg 300w, https:\/\/sisdeagro.com\/wp-content\/uploads\/2024\/04\/ESTABLECIMIENTO-3-18x10.jpg 18w, https:\/\/sisdeagro.com\/wp-content\/uploads\/2024\/04\/ESTABLECIMIENTO-3-260x146.jpg 260w, https:\/\/sisdeagro.com\/wp-content\/uploads\/2024\/04\/ESTABLECIMIENTO-3-50x28.jpg 50w, https:\/\/sisdeagro.com\/wp-content\/uploads\/2024\/04\/ESTABLECIMIENTO-3-134x75.jpg 134w\" sizes=\"(max-width:767px) 480px, 612px\" \/>\t\t\t\t\t\t\t\t\t\t\t\t\t\t\t<\/div>\n\t\t\t\t<\/div>\n\t\t\t\t\t<\/div>\n\t\t<\/div>\n\t\t\t\t<div class=\"elementor-column elementor-col-50 elementor-top-column elementor-element elementor-element-6e0c9c7\" data-id=\"6e0c9c7\" data-element_type=\"column\" data-e-type=\"column\">\n\t\t\t<div class=\"elementor-widget-wrap elementor-element-populated\">\n\t\t\t\t\t\t<div class=\"elementor-element elementor-element-f44e76a elementor-widget elementor-widget-text-editor\" data-id=\"f44e76a\" data-element_type=\"widget\" data-e-type=\"widget\" data-widget_type=\"text-editor.default\">\n\t\t\t\t<div class=\"elementor-widget-container\">\n\t\t\t\t\t\t\t\t\t<p>Regularmente se habla de \u201csembrar\u201d como una actividad simple dentro de cualquier proyecto agr\u00edcola, que implica plantar simplemente adecuadamente tanto una planta, esqueje o semilla en el suelo o en un medio de cultivo de forma que esta pueda tener una espectativa posterior de desarrollo y generar biomasa con fines regularmente comerciales u ornamentales. En general es un verbo que denota una acci\u00f3n simple y llana seg\u00fan el tiempo del verbo en que est\u00e1 conjugado y nada m\u00e1s.<\/p>\t\t\t\t\t\t\t\t<\/div>\n\t\t\t\t<\/div>\n\t\t\t\t\t<\/div>\n\t\t<\/div>\n\t\t\t\t\t<\/div>\n\t\t<\/section>\n\t\t\t\t<section class=\"elementor-section elementor-top-section elementor-element elementor-element-8e3e2b3 elementor-section-boxed elementor-section-height-default elementor-section-height-default\" data-id=\"8e3e2b3\" data-element_type=\"section\" data-e-type=\"section\">\n\t\t\t\t\t\t<div class=\"elementor-container elementor-column-gap-default\">\n\t\t\t\t\t<div class=\"elementor-column elementor-col-100 elementor-top-column elementor-element elementor-element-7a11761\" data-id=\"7a11761\" data-element_type=\"column\" data-e-type=\"column\">\n\t\t\t<div class=\"elementor-widget-wrap elementor-element-populated\">\n\t\t\t\t\t\t<div class=\"elementor-element elementor-element-696aa72 elementor-widget elementor-widget-text-editor\" data-id=\"696aa72\" data-element_type=\"widget\" data-e-type=\"widget\" data-widget_type=\"text-editor.default\">\n\t\t\t\t<div class=\"elementor-widget-container\">\n\t\t\t\t\t\t\t\t\t<p>El t\u00e9rmino \u201cestablecer una plantaci\u00f3n\u201d implica, al menos en agricultura, la consideraci\u00f3n de ciertas condiciones, sucesos y elementos previos a la acci\u00f3n meramente de plantar un \u00e1rbol o una semilla, asimismo implica que se han evaluado las mismas de forma que se tomen las medidas necesarias que mitiguen cualquier riesgo asociado a la acci\u00f3n de plantar una semilla, esqueje o planta en un medio de cultivo para obtener de manera m\u00e1s eficiente biomasa con fines comerciales.\u00a0<\/p><p>En pocas palabras\u00a0<span style=\"text-decoration: underline;\"><strong>el establecimiento de una plantaci\u00f3n comercial de cualquier cultivo consiste en determinar los pasos y la consecuci\u00f3n adecuada de los mismos<\/strong> <\/span>para que de un terreno previamente evaluado y seleccionado de acuerdo a ciertos criterios t\u00e9cnicos podamos exitosamente tener luego de un tiempo previamente definido y de algunos pasos una plantaci\u00f3n comercial plena que tenga todas las expectativas de poder desarrollarse y cumplir los objetivos de productividad, precocidad y viabilidad trazados en el marco de un proyecto productivo original.\u00a0<\/p>\t\t\t\t\t\t\t\t<\/div>\n\t\t\t\t<\/div>\n\t\t\t\t\t<\/div>\n\t\t<\/div>\n\t\t\t\t\t<\/div>\n\t\t<\/section>\n\t\t\t\t<section class=\"elementor-section elementor-top-section elementor-element elementor-element-455803b elementor-section-boxed elementor-section-height-default elementor-section-height-default\" data-id=\"455803b\" data-element_type=\"section\" data-e-type=\"section\">\n\t\t\t\t\t\t<div class=\"elementor-container elementor-column-gap-default\">\n\t\t\t\t\t<div class=\"elementor-column elementor-col-100 elementor-top-column elementor-element elementor-element-8f1b7cc\" data-id=\"8f1b7cc\" data-element_type=\"column\" data-e-type=\"column\">\n\t\t\t<div class=\"elementor-widget-wrap elementor-element-populated\">\n\t\t\t\t\t\t<div class=\"elementor-element elementor-element-8b0f83e elementor-widget elementor-widget-toggle\" data-id=\"8b0f83e\" data-element_type=\"widget\" data-e-type=\"widget\" data-widget_type=\"toggle.default\">\n\t\t\t\t<div class=\"elementor-widget-container\">\n\t\t\t\t\t\t\t<div class=\"elementor-toggle\">\n\t\t\t\t\t\t\t<div class=\"elementor-toggle-item\">\n\t\t\t\t\t<div id=\"elementor-tab-title-1451\" class=\"elementor-tab-title\" data-tab=\"1\" role=\"button\" aria-controls=\"elementor-tab-content-1451\" aria-expanded=\"false\">\n\t\t\t\t\t\t\t\t\t\t\t\t<span class=\"elementor-toggle-icon elementor-toggle-icon-left\" aria-hidden=\"true\">\n\t\t\t\t\t\t\t\t\t\t\t\t\t\t\t<span class=\"elementor-toggle-icon-closed\"><i class=\"fas fa-caret-right\"><\/i><\/span>\n\t\t\t\t\t\t\t\t<span class=\"elementor-toggle-icon-opened\"><i class=\"elementor-toggle-icon-opened fas fa-caret-up\"><\/i><\/span>\n\t\t\t\t\t\t\t\t\t\t\t\t\t<\/span>\n\t\t\t\t\t\t\t\t\t\t\t\t<a class=\"elementor-toggle-title\" tabindex=\"0\">An\u00e1lisis de Suelos<\/a>\n\t\t\t\t\t<\/div>\n\n\t\t\t\t\t<div id=\"elementor-tab-content-1451\" class=\"elementor-tab-content elementor-clearfix\" data-tab=\"1\" role=\"region\" aria-labelledby=\"elementor-tab-title-1451\"><div class=\"elementor-toggle-item\"><div id=\"elementor-tab-content-4581\" class=\"elementor-tab-content elementor-clearfix elementor-active\" role=\"tabpanel\" data-tab=\"1\" aria-labelledby=\"elementor-tab-title-4581\"><p>El primer paso para establecer exitosamente una plantaci\u00f3n de lima \u00e1cida Tahit\u00ed es obtener un an\u00e1lisis de suelos cuya muestra sea tomada adecuadamente y sea analizara por un laboratorio especializado para hacer an\u00e1lisis de suelos. Es b\u00e1sicamente imposible conocer qu\u00e9 tiene el suelo as\u00ed como sus par\u00e1metros esenciales como textura, pH, salinidad, relaci\u00f3n de bases, contenido de f\u00f3sforo, etc si uno no cuenta con un an\u00e1lisis de suelos.\u00a0<\/p><h4>El pretender establecer cualquier cultivo sin tomar en cuenta un an\u00e1lisis de suelos es uno de los primeros pasos para <span style=\"text-decoration: underline;\">hacer las cosas mal.<\/span>\u00a0<\/h4><p>Como parte de la informaci\u00f3n complementaria cuando se identifican particularidades en el suelo del predio puede usarse informaci\u00f3n adicional que viene de otros an\u00e1lisis complementarios como analisis de caracterizaci\u00f3n bacteriol\u00f3gica, determinaci\u00f3n de curvas de infiltraci\u00f3n y conductividad hidr\u00e1ulica, curva de incubaci\u00f3n de cal, etc. para identificar la respuesta m\u00e1s apropiada para ciertas preguntas espec\u00edficas.\u00a0<\/p><\/div><\/div><div class=\"elementor-toggle-item\"><div id=\"elementor-tab-title-4582\" class=\"elementor-tab-title\" role=\"tab\" data-tab=\"2\" aria-controls=\"elementor-tab-content-4582\" aria-expanded=\"false\">\u00a0<\/div><\/div><\/div>\n\t\t\t\t<\/div>\n\t\t\t\t\t\t\t<div class=\"elementor-toggle-item\">\n\t\t\t\t\t<div id=\"elementor-tab-title-1452\" class=\"elementor-tab-title\" data-tab=\"2\" role=\"button\" aria-controls=\"elementor-tab-content-1452\" aria-expanded=\"false\">\n\t\t\t\t\t\t\t\t\t\t\t\t<span class=\"elementor-toggle-icon elementor-toggle-icon-left\" aria-hidden=\"true\">\n\t\t\t\t\t\t\t\t\t\t\t\t\t\t\t<span class=\"elementor-toggle-icon-closed\"><i class=\"fas fa-caret-right\"><\/i><\/span>\n\t\t\t\t\t\t\t\t<span class=\"elementor-toggle-icon-opened\"><i class=\"elementor-toggle-icon-opened fas fa-caret-up\"><\/i><\/span>\n\t\t\t\t\t\t\t\t\t\t\t\t\t<\/span>\n\t\t\t\t\t\t\t\t\t\t\t\t<a class=\"elementor-toggle-title\" tabindex=\"0\">C\u00e1lculo de fertilizantes y enmiendas en siembra<\/a>\n\t\t\t\t\t<\/div>\n\n\t\t\t\t\t<div id=\"elementor-tab-content-1452\" class=\"elementor-tab-content elementor-clearfix\" data-tab=\"2\" role=\"region\" aria-labelledby=\"elementor-tab-title-1452\"><p>Ocurre que la informaci\u00f3n del an\u00e1lisis de suelos constituye informaci\u00f3n valiosa como insumo para efectuar uno de los c\u00e1lculos b\u00e1sicos a la hora de establecer una plantaci\u00f3n el cual es\u00a0la cantidad y tipo de fertilizantes y enmiendas que deben ser aplicados en el momento de la siembra.\u00a0<\/p><p>Este c\u00e1lculo debe hacerlo un profesional en las ciencias agr\u00edcolas considerando de primera mano la forma en que afecta cada uno de los par\u00e1metros del suelo la cantidad de nutrientes que contiene el mismo contra la cantidad de nutrientes que ser\u00e1n suplementados durante cierto periodo al \u00e1rbol o planta reci\u00e9n plantada.\u00a0<\/p><p>Se debe considerar asimismo en este c\u00e1lculo las eficiencias de liberaci\u00f3n de cada uno de los fertilizantes y enmiendas, antagonismos y cualquier correcci\u00f3n que debe hacerse a los par\u00e1metros del suelo.<\/p><p><img decoding=\"async\" class=\"size-full wp-image-1934 alignleft\" src=\"https:\/\/sisdeagro.com\/wp-content\/uploads\/2024\/04\/ideograma-2.jpg\" alt=\"Elementos para el establecimiento de Plantaciones | Sisdeagro SAS Implementaci\u00f3n de proyectos de inversi\u00f3n en Agricultura en Colombia\" width=\"1132\" height=\"504\" srcset=\"https:\/\/sisdeagro.com\/wp-content\/uploads\/2024\/04\/ideograma-2.jpg 1132w, https:\/\/sisdeagro.com\/wp-content\/uploads\/2024\/04\/ideograma-2-300x134.jpg 300w, https:\/\/sisdeagro.com\/wp-content\/uploads\/2024\/04\/ideograma-2-1024x456.jpg 1024w, https:\/\/sisdeagro.com\/wp-content\/uploads\/2024\/04\/ideograma-2-768x342.jpg 768w, https:\/\/sisdeagro.com\/wp-content\/uploads\/2024\/04\/ideograma-2-18x8.jpg 18w, https:\/\/sisdeagro.com\/wp-content\/uploads\/2024\/04\/ideograma-2-260x116.jpg 260w, https:\/\/sisdeagro.com\/wp-content\/uploads\/2024\/04\/ideograma-2-50x22.jpg 50w, https:\/\/sisdeagro.com\/wp-content\/uploads\/2024\/04\/ideograma-2-150x67.jpg 150w\" sizes=\"(max-width:767px) 480px, (max-width:1132px) 100vw, 1132px\" \/><\/p><p>\u00a0Es muy importante destacar que la persona o profesional que haga este c\u00e1lculo debe conocer bien el cultivo en cuesti\u00f3n y de preferencia tener experiencia tanto no solo en el establecimiento de la plantaci\u00f3n sino en la fase de desarrollo de la misma de manera que su criterio sea lo m\u00e1s amplio posible.\u00a0<\/p><\/div>\n\t\t\t\t<\/div>\n\t\t\t\t\t\t\t<div class=\"elementor-toggle-item\">\n\t\t\t\t\t<div id=\"elementor-tab-title-1453\" class=\"elementor-tab-title\" data-tab=\"3\" role=\"button\" aria-controls=\"elementor-tab-content-1453\" aria-expanded=\"false\">\n\t\t\t\t\t\t\t\t\t\t\t\t<span class=\"elementor-toggle-icon elementor-toggle-icon-left\" aria-hidden=\"true\">\n\t\t\t\t\t\t\t\t\t\t\t\t\t\t\t<span class=\"elementor-toggle-icon-closed\"><i class=\"fas fa-caret-right\"><\/i><\/span>\n\t\t\t\t\t\t\t\t<span class=\"elementor-toggle-icon-opened\"><i class=\"elementor-toggle-icon-opened fas fa-caret-up\"><\/i><\/span>\n\t\t\t\t\t\t\t\t\t\t\t\t\t<\/span>\n\t\t\t\t\t\t\t\t\t\t\t\t<a class=\"elementor-toggle-title\" tabindex=\"0\">Protocolo de siembra<\/a>\n\t\t\t\t\t<\/div>\n\n\t\t\t\t\t<div id=\"elementor-tab-content-1453\" class=\"elementor-tab-content elementor-clearfix\" data-tab=\"3\" role=\"region\" aria-labelledby=\"elementor-tab-title-1453\"><div class=\"elementor-toggle-item\"><div id=\"elementor-tab-content-4583\" class=\"elementor-tab-content elementor-clearfix elementor-active\" role=\"tabpanel\" data-tab=\"3\" aria-labelledby=\"elementor-tab-title-4583\"><p>El protocolo de siembra es un documento que toma en cuenta no solamente la informaci\u00f3n que ha sido entregada por el an\u00e1lisis de suelos, sino que tambien considera otra condiciones del terreno mismo que afectar\u00e1n la manera en la que se dispondr\u00e1n los \u00e1rboles para conformar una plantaci\u00f3n en el futuro.\u00a0 El protocolo de siembra entrega esta informaci\u00f3n:<\/p><ol><li>Densidad: distancia entre plantas y surcos.<\/li><li>Forma de orientaci\u00f3n de las l\u00edneas.\u00a0<\/li><li>Detalles de la siembra de las plantas tales como la forma en la que se debe disponer cada uno de los fertilizantes y enmiendas, dimensiones del hoyo de siembra, etc.\u00a0<\/li><\/ol><p>Es obligatorio pr\u00e1cticamente que un profesional con experiencia desarrolle el protocolo de siembra de una plantaci\u00f3n pues tan vital es el c\u00e1lculo de los fertilizantes y enmiendas como lo debe ser la disposici\u00f3n de los mismos en el momento de ejecutar la siembra.<\/p><\/div><\/div><\/div>\n\t\t\t\t<\/div>\n\t\t\t\t\t\t\t\t<\/div>\n\t\t\t\t\t\t<\/div>\n\t\t\t\t<\/div>\n\t\t\t\t\t<\/div>\n\t\t<\/div>\n\t\t\t\t\t<\/div>\n\t\t<\/section>\n\t\t\t\t<section class=\"elementor-section elementor-top-section elementor-element elementor-element-c478868 elementor-section-boxed elementor-section-height-default elementor-section-height-default\" data-id=\"c478868\" data-element_type=\"section\" data-e-type=\"section\">\n\t\t\t\t\t\t<div class=\"elementor-container elementor-column-gap-default\">\n\t\t\t\t\t<div class=\"elementor-column elementor-col-100 elementor-top-column elementor-element elementor-element-92b7195\" data-id=\"92b7195\" data-element_type=\"column\" data-e-type=\"column\">\n\t\t\t<div class=\"elementor-widget-wrap elementor-element-populated\">\n\t\t\t\t\t\t<div class=\"elementor-element elementor-element-7840d3d elementor-widget elementor-widget-text-editor\" data-id=\"7840d3d\" data-element_type=\"widget\" data-e-type=\"widget\" data-widget_type=\"text-editor.default\">\n\t\t\t\t<div class=\"elementor-widget-container\">\n\t\t\t\t\t\t\t\t\t<h3><strong>\u00bfEn qu\u00e9 consiste el desarrollo de la plantaci\u00f3n?<\/strong><\/h3><p>Este es un t\u00e9rmino que pasa desapercibido en un proyecto de de inversi\u00f3n en agricultura, desafortunadamente con mucha regularidad. Este es el periodo de tiempo en el que la plantaci\u00f3n no est\u00e1 ni en su capacidad m\u00ednima de producir fruta. Este es el periodo en el que se deben aplicar t\u00e9cnicas y manejo agron\u00f3mico diferente al de la plantaci\u00f3n madura para lograr hitos de productividad adecuadamente.<\/p><p>Existe una relaci\u00f3n inversamente proporcional entre la rentabilidad del proyecto y la entrada a producci\u00f3n de la plantaci\u00f3n, ya que entre m\u00e1s precoz es la misma es mayor la rentabilidad del proyecto pues obviamente durante el tiempo que la plantaci\u00f3n est\u00e1 sin producir se deben cubrir todos los gastos operativos, mismos que se apalancan una vez se inicia la producci\u00f3n.\u00a0<\/p><p>Y es asimismo debido a la idoneidad de las pr\u00e1cticas agron\u00f3micas que el tiempo entre\u00a0 la siembra y lograr que la plantaci\u00f3n llegue a su madurez en t\u00e9rminos de producci\u00f3n de kg\/\u00e1rbol la cual aunque est\u00e1 directamente relacionada con la edad de la misma no es el \u00fanico factor implicado pues si por ejemplo la fertilizaci\u00f3n no es adecuada en durante esta etapa, la m\u00e1xima producci\u00f3n puede lograrse en el doble de tiempo del planificado afectando fuertemente la rentabilidad y el flujo de efectivo del proyecto.\u00a0<\/p>\t\t\t\t\t\t\t\t<\/div>\n\t\t\t\t<\/div>\n\t\t\t\t\t<\/div>\n\t\t<\/div>\n\t\t\t\t\t<\/div>\n\t\t<\/section>\n\t\t\t\t<\/div>","protected":false},"excerpt":{"rendered":"<p>Muy poco puede hacerse para obtener rentabilidad de una plantaci\u00f3n comercial si la siembra de la plantaci\u00f3n se hace por manos inexpertas. Todas las fases son importantes para que se asegure la rentabilidad del proyecto, sin embargo tanto la selecci\u00f3n del material vegetal como la siembra son cr\u00edticas.<\/p>","protected":false},"author":1,"featured_media":1891,"parent":0,"menu_order":0,"comment_status":"closed","ping_status":"closed","template":"","meta":{"footnotes":""},"class_list":["post-1889","page","type-page","status-publish","has-post-thumbnail","hentry"],"_links":{"self":[{"href":"https:\/\/sisdeagro.com\/en\/wp-json\/wp\/v2\/pages\/1889","targetHints":{"allow":["GET"]}}],"collection":[{"href":"https:\/\/sisdeagro.com\/en\/wp-json\/wp\/v2\/pages"}],"about":[{"href":"https:\/\/sisdeagro.com\/en\/wp-json\/wp\/v2\/types\/page"}],"author":[{"embeddable":true,"href":"https:\/\/sisdeagro.com\/en\/wp-json\/wp\/v2\/users\/1"}],"replies":[{"embeddable":true,"href":"https:\/\/sisdeagro.com\/en\/wp-json\/wp\/v2\/comments?post=1889"}],"version-history":[{"count":0,"href":"https:\/\/sisdeagro.com\/en\/wp-json\/wp\/v2\/pages\/1889\/revisions"}],"wp:featuredmedia":[{"embeddable":true,"href":"https:\/\/sisdeagro.com\/en\/wp-json\/wp\/v2\/media\/1891"}],"wp:attachment":[{"href":"https:\/\/sisdeagro.com\/en\/wp-json\/wp\/v2\/media?parent=1889"}],"curies":[{"name":"wp","href":"https:\/\/api.w.org\/{rel}","templated":true}]}}