{"id":1815,"date":"2024-04-04T22:41:13","date_gmt":"2024-04-04T22:41:13","guid":{"rendered":"https:\/\/sisdeagro.com\/?page_id=1815"},"modified":"2024-04-05T02:07:54","modified_gmt":"2024-04-05T02:07:54","slug":"material-vegetal-factor-clave-del-exito-para-su-proyecto-en-agricultura","status":"publish","type":"page","link":"https:\/\/sisdeagro.com\/en\/material-vegetal-factor-clave-del-exito-para-su-proyecto-en-agricultura\/","title":{"rendered":"Material vegetal: factor clave del \u00e9xito para su proyecto en agricultura"},"content":{"rendered":"<div data-elementor-type=\"wp-page\" data-elementor-id=\"1815\" class=\"elementor elementor-1815\">\n\t\t\t\t\t\t<section class=\"elementor-section elementor-top-section elementor-element elementor-element-2a7d002 elementor-section-boxed elementor-section-height-default elementor-section-height-default\" data-id=\"2a7d002\" data-element_type=\"section\" data-e-type=\"section\">\n\t\t\t\t\t\t<div class=\"elementor-container elementor-column-gap-default\">\n\t\t\t\t\t<div class=\"elementor-column elementor-col-50 elementor-top-column elementor-element elementor-element-a03a03a\" data-id=\"a03a03a\" data-element_type=\"column\" data-e-type=\"column\">\n\t\t\t<div class=\"elementor-widget-wrap elementor-element-populated\">\n\t\t\t\t\t\t<div class=\"elementor-element elementor-element-0d99cab elementor-widget elementor-widget-image\" data-id=\"0d99cab\" data-element_type=\"widget\" data-e-type=\"widget\" data-widget_type=\"image.default\">\n\t\t\t\t<div class=\"elementor-widget-container\">\n\t\t\t\t\t\t\t\t\t\t\t\t\t\t\t<img fetchpriority=\"high\" decoding=\"async\" width=\"331\" height=\"368\" src=\"https:\/\/sisdeagro.com\/wp-content\/uploads\/2024\/04\/eval1.png\" class=\"attachment-large size-large wp-image-1818\" alt=\"\" srcset=\"https:\/\/sisdeagro.com\/wp-content\/uploads\/2024\/04\/eval1.png 331w, https:\/\/sisdeagro.com\/wp-content\/uploads\/2024\/04\/eval1-270x300.png 270w, https:\/\/sisdeagro.com\/wp-content\/uploads\/2024\/04\/eval1-11x12.png 11w, https:\/\/sisdeagro.com\/wp-content\/uploads\/2024\/04\/eval1-131x146.png 131w, https:\/\/sisdeagro.com\/wp-content\/uploads\/2024\/04\/eval1-45x50.png 45w, https:\/\/sisdeagro.com\/wp-content\/uploads\/2024\/04\/eval1-67x75.png 67w\" sizes=\"(max-width:767px) 331px, 331px\" \/>\t\t\t\t\t\t\t\t\t\t\t\t\t\t\t<\/div>\n\t\t\t\t<\/div>\n\t\t\t\t\t<\/div>\n\t\t<\/div>\n\t\t\t\t<div class=\"elementor-column elementor-col-50 elementor-top-column elementor-element elementor-element-b252d15\" data-id=\"b252d15\" data-element_type=\"column\" data-e-type=\"column\">\n\t\t\t<div class=\"elementor-widget-wrap elementor-element-populated\">\n\t\t\t\t\t\t<div class=\"elementor-element elementor-element-958b2d5 elementor-widget elementor-widget-text-editor\" data-id=\"958b2d5\" data-element_type=\"widget\" data-e-type=\"widget\" data-widget_type=\"text-editor.default\">\n\t\t\t\t<div class=\"elementor-widget-container\">\n\t\t\t\t\t\t\t\t\t<h2 style=\"text-align: center;\">\u00bfEs importante el material vegetal para implementar mi proyecto de inversi\u00f3n en agricultura?<\/h2><p>\u00bfSab\u00eda usted que en Colombia no existen leyes que protejan a un inversionista del agro contra la provisi\u00f3n de material vegetal malo, defectuoso, inapropiado o equivocado que haya sido entregado por un viverista? Si un inversionista del agro recibe un material inapropiado, cualquier medida de mitigacion como reposici\u00f3n o devoluci\u00f3n del dinero queda completamente a discresi\u00f3n del proveedor.<\/p>\t\t\t\t\t\t\t\t<\/div>\n\t\t\t\t<\/div>\n\t\t\t\t\t<\/div>\n\t\t<\/div>\n\t\t\t\t\t<\/div>\n\t\t<\/section>\n\t\t\t\t<section class=\"elementor-section elementor-top-section elementor-element elementor-element-5ed83ff elementor-section-boxed elementor-section-height-default elementor-section-height-default\" data-id=\"5ed83ff\" data-element_type=\"section\" data-e-type=\"section\">\n\t\t\t\t\t\t<div class=\"elementor-container elementor-column-gap-default\">\n\t\t\t\t\t<div class=\"elementor-column elementor-col-100 elementor-top-column elementor-element elementor-element-92b6a2a\" data-id=\"92b6a2a\" data-element_type=\"column\" data-e-type=\"column\">\n\t\t\t<div class=\"elementor-widget-wrap elementor-element-populated\">\n\t\t\t\t\t\t<div class=\"elementor-element elementor-element-4db58d4 elementor-widget elementor-widget-text-editor\" data-id=\"4db58d4\" data-element_type=\"widget\" data-e-type=\"widget\" data-widget_type=\"text-editor.default\">\n\t\t\t\t<div class=\"elementor-widget-container\">\n\t\t\t\t\t\t\t\t\t<h2 style=\"text-align: center;\">Entonces, \u00bfCu\u00e1l es el impacto en tomar en consideraci\u00f3n evaluar el material vegetal para establecer mi proyecto?<\/h2>\t\t\t\t\t\t\t\t<\/div>\n\t\t\t\t<\/div>\n\t\t\t\t\t<\/div>\n\t\t<\/div>\n\t\t\t\t\t<\/div>\n\t\t<\/section>\n\t\t\t\t<section class=\"elementor-section elementor-top-section elementor-element elementor-element-00a2ddc elementor-section-boxed elementor-section-height-default elementor-section-height-default\" data-id=\"00a2ddc\" data-element_type=\"section\" data-e-type=\"section\">\n\t\t\t\t\t\t<div class=\"elementor-container elementor-column-gap-default\">\n\t\t\t\t\t<div class=\"elementor-column elementor-col-100 elementor-top-column elementor-element elementor-element-07071e5\" data-id=\"07071e5\" data-element_type=\"column\" data-e-type=\"column\">\n\t\t\t<div class=\"elementor-widget-wrap elementor-element-populated\">\n\t\t\t\t\t\t<div class=\"elementor-element elementor-element-89a159c elementor-widget elementor-widget-text-editor\" data-id=\"89a159c\" data-element_type=\"widget\" data-e-type=\"widget\" data-widget_type=\"text-editor.default\">\n\t\t\t\t<div class=\"elementor-widget-container\">\n\t\t\t\t\t\t\t\t\t<h4>1. La calidad y tipo de material vegetal determina la longevidad de la plantaci\u00f3n\u00a0<\/h4><p>Tanto la calidad como el tipo de material vegetal tiene implicaciones complejas y de impacto al largo plazo en su proyecto. En caso de las especies que se planta injertadas, el porta injerto le transmite caracter\u00edsticas a la plantaci\u00f3n entre las que se encuentra la longevidad. Igualmente ocurre con especies que no son injertadas pero la selecci\u00f3n de la variedad es esencial para determinar longevidad de la plantaci\u00f3n.<\/p>\t\t\t\t\t\t\t\t<\/div>\n\t\t\t\t<\/div>\n\t\t\t\t<div class=\"elementor-element elementor-element-d96f6f5 elementor-widget elementor-widget-text-editor\" data-id=\"d96f6f5\" data-element_type=\"widget\" data-e-type=\"widget\" data-widget_type=\"text-editor.default\">\n\t\t\t\t<div class=\"elementor-widget-container\">\n\t\t\t\t\t\t\t\t\t<h4>2. El tipo o variedad de material vegetal tambi\u00e9n determina ciertas caracter\u00edsticas de la fruta producida\u00a0<\/h4><p>Incluso en especies que son injertadas y se propagan por yemas vegetativas a trav\u00e9s de un patr\u00f3n como la <a href=\"\/en\/limon-tahiti\/influencia-del-patron-o-porta-injerto-en-la-calidad-de-la-fruta-de-limon-tahiti\/\">lima \u00e1cida tahit\u00ed<\/a>, cuando se utilizan diferentes porta injertos las frutas producidas no tienen las mismas caracter\u00edsticas precisamente lo cual en este caso hacen variar en duraci\u00f3n de anaquel por ejemplo las frutas producidas de \u00e1rboles injertados sobre diferentes patrones.\u00a0<\/p><p>\u00a0<\/p>\t\t\t\t\t\t\t\t<\/div>\n\t\t\t\t<\/div>\n\t\t\t\t<div class=\"elementor-element elementor-element-aacf724 elementor-widget elementor-widget-text-editor\" data-id=\"aacf724\" data-element_type=\"widget\" data-e-type=\"widget\" data-widget_type=\"text-editor.default\">\n\t\t\t\t<div class=\"elementor-widget-container\">\n\t\t\t\t\t\t\t\t\t<h4>3. No todas las variedades de la misma especie son igualmente eficientes, lo cual impacta en la productividad en el largo plazo\u00a0<\/h4><p>La decisi\u00f3n de una u otra variedad de la misma especie o incluso un porta injerto u otro, debe tambi\u00e9n considerarse bajo el t\u00e9rmino de eficiencia del mismo y potencial productividad en el largo plazo.\u00a0<\/p><p>Un caso de relevancia con relaci\u00f3n a los cultivos con los que disponemos de experiencia en asistencia e implementaci\u00f3n se encuentra la <a href=\"\/en\/servicios\/cultivo-de-pitahaya\/\">Dragon Fruit<\/a>. En muchos casos las plantaciones de pitahaya son establecidos con esquejes directamente cosechados de plantaciones maduras, sin embargo est\u00e1 documentado que al injertarse sobre pitahaya blanca (<em>Hylocereus megalanthus<\/em>) las productividades se incrementan en al menos un 20%.\u00a0 Igualmente ocurre con el <a href=\"\/en\/servicios\/cacao\/\">cacao <\/a>o la <a href=\"\/en\/servicios\/macadamia\/\">macadamia<\/a>, entre los cuales existen diversas variedades de las cuales escoger para establecer porta injertos.<\/p>\t\t\t\t\t\t\t\t<\/div>\n\t\t\t\t<\/div>\n\t\t\t\t<div class=\"elementor-element elementor-element-8af8d34 elementor-widget elementor-widget-text-editor\" data-id=\"8af8d34\" data-element_type=\"widget\" data-e-type=\"widget\" data-widget_type=\"text-editor.default\">\n\t\t\t\t<div class=\"elementor-widget-container\">\n\t\t\t\t\t\t\t\t\t<h4>4. La evaluaci\u00f3n del material vegetal debe ser efectuada bajo par\u00e1metros estrictamente t\u00e9cnicos <em>sui generis<\/em><\/h4><p>M\u00e1s all\u00e1 de verificar cumplimientos de normativas y habiendo efectuado valoraciones seg\u00fan los anteriores criterios, es completamente esencial efectuar una verificaci\u00f3n de los aspectos t\u00e9cnicos que evidencian caracter\u00edsticas deseables en el material vegetal para establecer una plantaci\u00f3n. Esta valoraci\u00f3n de aspectos t\u00e9cnicos debe ser efectuada por un profesional en ciencias agr\u00edcolas que tenga suficiente experiencia en dicha especie. Aspectos como detecci\u00f3n de ausencia de\u00a0 enfermedades y descartar malas pr\u00e1cticas de vivero solamente pueden ser identificadas por un experto.\u00a0<\/p><p>Esta responsabilidad no debe dejarse bajo la responsabilidad del material vegetal, sino que para asegurar \u00e9xito debe realizarse por una persona ajena al proveedor.\u00a0<\/p>\t\t\t\t\t\t\t\t<\/div>\n\t\t\t\t<\/div>\n\t\t\t\t\t<\/div>\n\t\t<\/div>\n\t\t\t\t\t<\/div>\n\t\t<\/section>\n\t\t\t\t<section class=\"elementor-section elementor-top-section elementor-element elementor-element-7d22f09 elementor-section-boxed elementor-section-height-default elementor-section-height-default\" data-id=\"7d22f09\" data-element_type=\"section\" data-e-type=\"section\">\n\t\t\t\t\t\t<div class=\"elementor-container elementor-column-gap-default\">\n\t\t\t\t\t<div class=\"elementor-column elementor-col-100 elementor-top-column elementor-element elementor-element-2470624\" data-id=\"2470624\" data-element_type=\"column\" data-e-type=\"column\">\n\t\t\t<div class=\"elementor-widget-wrap elementor-element-populated\">\n\t\t\t\t\t\t<div class=\"elementor-element elementor-element-8f1603c elementor-widget elementor-widget-mfn_fancy_divider\" data-id=\"8f1603c\" data-element_type=\"widget\" data-e-type=\"widget\" data-widget_type=\"mfn_fancy_divider.default\">\n\t\t\t\t<div class=\"elementor-widget-container\">\n\t\t\t\t\t<div class=\"fancy-divider\"><svg preserveaspectratio=\"none\" viewbox=\"0 0 100 100\" height=\"100\" width=\"100%\" version=\"1.1\" xmlns=\"https:\/\/www.w3.org\/2000\/svg\" style=\"background: #ffffff;\" aria-hidden=\"true\"><path d=\"M0 100 C50 0 50 0 100 100 Z\" style=\"fill: #79A31D; stroke: #79A31D;\"\/><\/svg><\/div>\t\t\t\t<\/div>\n\t\t\t\t<\/div>\n\t\t\t\t\t<\/div>\n\t\t<\/div>\n\t\t\t\t\t<\/div>\n\t\t<\/section>\n\t\t\t\t<section class=\"elementor-section elementor-top-section elementor-element elementor-element-98e0b65 elementor-section-boxed elementor-section-height-default elementor-section-height-default\" data-id=\"98e0b65\" data-element_type=\"section\" data-e-type=\"section\">\n\t\t\t\t\t\t<div class=\"elementor-container elementor-column-gap-default\">\n\t\t\t\t\t<div class=\"elementor-column elementor-col-100 elementor-top-column elementor-element elementor-element-3ff824b\" data-id=\"3ff824b\" data-element_type=\"column\" data-e-type=\"column\">\n\t\t\t<div class=\"elementor-widget-wrap elementor-element-populated\">\n\t\t\t\t\t\t<div class=\"elementor-element elementor-element-8518cdb elementor-widget elementor-widget-text-editor\" data-id=\"8518cdb\" data-element_type=\"widget\" data-e-type=\"widget\" data-widget_type=\"text-editor.default\">\n\t\t\t\t<div class=\"elementor-widget-container\">\n\t\t\t\t\t\t\t\t\t<p style=\"text-align: center;\">Todas las fases en la implementaci\u00f3n del proyecto de inversi\u00f3n en agricultura deben ser consideradas para tener \u00e9xito en lugar de afrontar fracasos. Cont\u00e1ctenos.\u00a0<\/p>\t\t\t\t\t\t\t\t<\/div>\n\t\t\t\t<\/div>\n\t\t\t\t\t<\/div>\n\t\t<\/div>\n\t\t\t\t\t<\/div>\n\t\t<\/section>\n\t\t\t\t<\/div>","protected":false},"excerpt":{"rendered":"<p>\u00bfEs importante el material vegetal para implementar mi proyecto de inversi\u00f3n en agricultura?<\/p>","protected":false},"author":1,"featured_media":1818,"parent":0,"menu_order":0,"comment_status":"closed","ping_status":"closed","template":"","meta":{"footnotes":""},"class_list":["post-1815","page","type-page","status-publish","has-post-thumbnail","hentry"],"_links":{"self":[{"href":"https:\/\/sisdeagro.com\/en\/wp-json\/wp\/v2\/pages\/1815","targetHints":{"allow":["GET"]}}],"collection":[{"href":"https:\/\/sisdeagro.com\/en\/wp-json\/wp\/v2\/pages"}],"about":[{"href":"https:\/\/sisdeagro.com\/en\/wp-json\/wp\/v2\/types\/page"}],"author":[{"embeddable":true,"href":"https:\/\/sisdeagro.com\/en\/wp-json\/wp\/v2\/users\/1"}],"replies":[{"embeddable":true,"href":"https:\/\/sisdeagro.com\/en\/wp-json\/wp\/v2\/comments?post=1815"}],"version-history":[{"count":0,"href":"https:\/\/sisdeagro.com\/en\/wp-json\/wp\/v2\/pages\/1815\/revisions"}],"wp:featuredmedia":[{"embeddable":true,"href":"https:\/\/sisdeagro.com\/en\/wp-json\/wp\/v2\/media\/1818"}],"wp:attachment":[{"href":"https:\/\/sisdeagro.com\/en\/wp-json\/wp\/v2\/media?parent=1815"}],"curies":[{"name":"wp","href":"https:\/\/api.w.org\/{rel}","templated":true}]}}